{"id":572,"date":"2026-01-08T01:40:44","date_gmt":"2026-01-08T01:40:44","guid":{"rendered":"https:\/\/travelcolomb.com\/?post_type=product&#038;p=572"},"modified":"2026-01-08T01:44:01","modified_gmt":"2026-01-08T01:44:01","slug":"city-tour-comuna-13","status":"publish","type":"product","link":"https:\/\/travelcolomb.com\/en\/product\/city-tour-comuna-13\/","title":{"rendered":"City tour + Comuna 13"},"content":{"rendered":"<p>\u00a1El tour definitivo para conocer Medell\u00edn de principio a fin! Disfruta de una experiencia completa que combina la historia cl\u00e1sica y la transformaci\u00f3n moderna. Desde la tradici\u00f3n del <b data-path-to-node=\"4,0,0\" data-index-in-node=\"196\">Pueblito Paisa<\/b> y las esculturas de la <b data-path-to-node=\"4,0,0\" data-index-in-node=\"234\">Plaza Botero<\/b>, hasta el arte callejero y las <b data-path-to-node=\"4,0,0\" data-index-in-node=\"278\">escaleras el\u00e9ctricas<\/b> de la <b data-path-to-node=\"4,0,0\" data-index-in-node=\"305\">Comuna 13<\/b>. Vive la cultura local con un <b data-path-to-node=\"4,0,0\" data-index-in-node=\"345\">show de baile<\/b>, visita el <b data-path-to-node=\"4,0,0\" data-index-in-node=\"370\">Museo del Caf\u00e9<\/b> y vuela sobre la ciudad en <b data-path-to-node=\"4,0,0\" data-index-in-node=\"412\">Metrocable<\/b>.<\/p>\n<p><b data-path-to-node=\"4,1,0\" data-index-in-node=\"9\">Reserva hoy con el 50%<\/b>\u00a0a trav\u00e9s de nuestra web y paga el saldo restante en efectivo o tarjeta el d\u00eda del tour.<\/p>\n<p><strong>Para acordar fechas se deber\u00e1 realizar por v\u00eda Whatsapp.<\/strong><\/p>","protected":false},"excerpt":{"rendered":"<p><strong>Este servicio incluye los siguientes beneficios:<\/strong><\/p>\n<ul>\n<li>Transporte<\/li>\n<li>Almuerzo<\/li>\n<li>Visita en: Pueblito Paisa, parque de los pies descalzos, parques del r\u00edo<\/li>\n<li>Plaza Botero<\/li>\n<li>Metro, metrocable<\/li>\n<li>Visita a los graffitis al aire libre Comuna 13<\/li>\n<li>Visita escaleras el\u00e9ctricas<\/li>\n<li>Gu\u00eda acompa\u00f1ante<\/li>\n<li>Tarjeta de asistencia m\u00e9dica<\/li>\n<li>Visita en los siguientes lugares: Pueblito Paisa, parque de los pies descalzos, parques del r\u00edo, Plaza Botero<\/li>\n<li>Transporte en veh\u00edculo especializado<\/li>\n<\/ul>","protected":false},"featured_media":0,"comment_status":"open","ping_status":"closed","template":"","meta":[],"product_brand":[],"product_cat":[35],"product_tag":[],"class_list":{"0":"post-572","1":"product","2":"type-product","3":"status-publish","5":"product_cat-medellin","7":"first","8":"instock","9":"virtual","10":"purchasable","11":"product-type-simple"},"_links":{"self":[{"href":"https:\/\/travelcolomb.com\/en\/wp-json\/wp\/v2\/product\/572","targetHints":{"allow":["GET"]}}],"collection":[{"href":"https:\/\/travelcolomb.com\/en\/wp-json\/wp\/v2\/product"}],"about":[{"href":"https:\/\/travelcolomb.com\/en\/wp-json\/wp\/v2\/types\/product"}],"replies":[{"embeddable":true,"href":"https:\/\/travelcolomb.com\/en\/wp-json\/wp\/v2\/comments?post=572"}],"wp:attachment":[{"href":"https:\/\/travelcolomb.com\/en\/wp-json\/wp\/v2\/media?parent=572"}],"wp:term":[{"taxonomy":"product_brand","embeddable":true,"href":"https:\/\/travelcolomb.com\/en\/wp-json\/wp\/v2\/product_brand?post=572"},{"taxonomy":"product_cat","embeddable":true,"href":"https:\/\/travelcolomb.com\/en\/wp-json\/wp\/v2\/product_cat?post=572"},{"taxonomy":"product_tag","embeddable":true,"href":"https:\/\/travelcolomb.com\/en\/wp-json\/wp\/v2\/product_tag?post=572"}],"curies":[{"name":"wp","href":"https:\/\/api.w.org\/{rel}","templated":true}]}}