{"id":528,"date":"2026-01-06T02:35:54","date_gmt":"2026-01-06T02:35:54","guid":{"rendered":"https:\/\/travelcolomb.com\/?post_type=product&#038;p=528"},"modified":"2026-01-08T21:16:35","modified_gmt":"2026-01-08T21:16:35","slug":"tour-guatape","status":"publish","type":"product","link":"https:\/\/travelcolomb.com\/en\/product\/tour-guatape\/","title":{"rendered":"Tour Guatape"},"content":{"rendered":"<p><strong>Servicios incluidos en el tour a Guatap\u00e9:<\/strong><\/p>\n<p>&#8211; Transporte<br \/>\n&#8211; Desayuno &#8211; Almuerzo<br \/>\n&#8211; Visita al pueblo de Marinilla panor\u00e1mico<br \/>\n&#8211; Visita pueblo El Pe\u00f1ol<br \/>\n&#8211; Ave F\u00e9nix panor\u00e1mico<br \/>\n&#8211; Visita a la r\u00e9plica antiguo Pe\u00f1ol<br \/>\n&#8211; Recorrido en barco por la represa de Guatap\u00e9<br \/>\n&#8211; Visita a la Piedra El Pe\u00f1ol (no incluye ingreso)<br \/>\n&#8211; Visita al municipio de Guatap\u00e9<br \/>\n&#8211; Plaza de los z\u00f3calos<br \/>\n&#8211; Calle de los recuerdos<br \/>\n&#8211; Parque Principal<br \/>\n&#8211; Malec\u00f3n |<br \/>\n&#8211; Visita El Alto del Chocho<br \/>\n&#8211; Tarjeta de asistencia m\u00e9dica<br \/>\n&#8211; Gu\u00eda acompa\u00f1ante<br \/>\n&#8211; Salida todos los d\u00edas<\/p>","protected":false},"excerpt":{"rendered":"<p>Explora el pueblo m\u00e1s colorido de Colombia y sube los 740 escalones de la Piedra del Pe\u00f1ol para una vista 360\u00b0 impactante. Incluye transporte, gu\u00eda biling\u00fce y un recorrido por los z\u00f3calos tradicionales.<\/p>\n<p><b data-path-to-node=\"4,1,0\" data-index-in-node=\"9\">Reserva hoy con el 50%<\/b> a trav\u00e9s de nuestra web y paga el saldo restante en efectivo o tarjeta el d\u00eda del tour.<\/p>\n<p><strong>Para acordar fechas se deber\u00e1 realizar por v\u00eda Whatsapp.<\/strong><\/p>","protected":false},"featured_media":579,"comment_status":"open","ping_status":"closed","template":"","meta":[],"product_brand":[],"product_cat":[34],"product_tag":[],"class_list":{"0":"post-528","1":"product","2":"type-product","3":"status-publish","4":"has-post-thumbnail","6":"product_cat-guatape","8":"first","9":"onbackorder","10":"virtual","11":"purchasable","12":"product-type-simple"},"_links":{"self":[{"href":"https:\/\/travelcolomb.com\/en\/wp-json\/wp\/v2\/product\/528","targetHints":{"allow":["GET"]}}],"collection":[{"href":"https:\/\/travelcolomb.com\/en\/wp-json\/wp\/v2\/product"}],"about":[{"href":"https:\/\/travelcolomb.com\/en\/wp-json\/wp\/v2\/types\/product"}],"replies":[{"embeddable":true,"href":"https:\/\/travelcolomb.com\/en\/wp-json\/wp\/v2\/comments?post=528"}],"wp:featuredmedia":[{"embeddable":true,"href":"https:\/\/travelcolomb.com\/en\/wp-json\/wp\/v2\/media\/579"}],"wp:attachment":[{"href":"https:\/\/travelcolomb.com\/en\/wp-json\/wp\/v2\/media?parent=528"}],"wp:term":[{"taxonomy":"product_brand","embeddable":true,"href":"https:\/\/travelcolomb.com\/en\/wp-json\/wp\/v2\/product_brand?post=528"},{"taxonomy":"product_cat","embeddable":true,"href":"https:\/\/travelcolomb.com\/en\/wp-json\/wp\/v2\/product_cat?post=528"},{"taxonomy":"product_tag","embeddable":true,"href":"https:\/\/travelcolomb.com\/en\/wp-json\/wp\/v2\/product_tag?post=528"}],"curies":[{"name":"wp","href":"https:\/\/api.w.org\/{rel}","templated":true}]}}