{"id":9,"date":"2022-01-11T10:15:12","date_gmt":"2022-01-11T10:15:12","guid":{"rendered":"https:\/\/startersites.io\/blocksy\/floreo\/?page_id=9"},"modified":"2026-01-17T07:23:59","modified_gmt":"2026-01-17T07:23:59","slug":"nosotros","status":"publish","type":"page","link":"https:\/\/travelcolomb.com\/en\/nosotros\/","title":{"rendered":"About Us"},"content":{"rendered":"<div class=\"wp-block-stackable-columns alignfull stk-block-columns stk-block stk-893499a stk-block-background stk--has-background-overlay\" data-block-id=\"893499a\"><style>.stk-893499a {background-image:url(https:\/\/travelcolomb.com\/wp-content\/uploads\/2022\/01\/hero-image_optimized.webp) !important;padding-top:230px !important;padding-bottom:150px !important;margin-bottom:0px !important;}@media screen and (max-width:999px){.stk-893499a {padding-top:120px !important;padding-bottom:70px !important;}}<\/style><div class=\"stk-row stk-inner-blocks stk-block-content stk-content-align stk-893499a-column\">\n<div class=\"wp-block-stackable-column stk-block-column stk-column stk-block stk-50a4b0e\" data-v=\"4\" data-block-id=\"50a4b0e\"><style>.stk-50a4b0e-container{margin-top:0px !important;margin-right:0px !important;margin-bottom:0px !important;margin-left:0px !important;}<\/style><div class=\"stk-column-wrapper stk-block-column__content stk-container stk-50a4b0e-container stk--no-background stk--no-padding\"><div class=\"stk-block-content stk-inner-blocks stk-50a4b0e-inner-blocks\">\n<div class=\"wp-block-stackable-text stk-block-text stk-block stk-5883b58\" data-block-id=\"5883b58\"><style>.stk-5883b58 {margin-bottom:10px !important;}.stk-5883b58 .stk-block-text__text{font-size:14px !important;color:var(--theme-palette-color-1, #5a8139) !important;font-weight:700 !important;text-transform:uppercase !important;}@media screen and (max-width:999px){.stk-5883b58 .stk-block-text__text{font-size:14px !important;}}<\/style><p class=\"stk-block-text__text has-text-color has-palette-color-1-color has-text-align-center\">Nuestra historia<\/p><\/div>\n\n\n\n<div class=\"wp-block-stackable-heading stk-block-heading stk-block-heading--v2 stk-block stk-6449bae\" id=\"sobre-nosotros\" data-block-id=\"6449bae\"><style>.stk-6449bae {max-width:700px !important;min-width:auto !important;margin-right:auto !important;margin-left:auto !important;}.stk-6449bae .stk-block-heading__text{font-size:70px !important;color:var(--theme-palette-color-8, #ffffff) !important;line-height:1.2em !important;}@media screen and (max-width:999px){.stk-6449bae .stk-block-heading__text{font-size:35px !important;}}<\/style><h2 class=\"stk-block-heading__text has-text-color has-palette-color-8-color has-text-align-center\">About Us<\/h2><\/div>\n<\/div><\/div><\/div>\n<\/div><\/div>\n\n\n\n<div class=\"wp-block-stackable-spacer stk-block-spacer stk--no-padding stk-block stk-5444771\" data-block-id=\"5444771\"><style>.stk-5444771 {height:120px !important;}@media screen and (max-width:999px){.stk-5444771 {height:70px !important;}}<\/style><\/div>\n\n\n\n<div class=\"wp-block-stackable-columns stk-block-columns stk-block stk-3ec6c07\" data-block-id=\"3ec6c07\"><style>.stk-3ec6c07 {margin-bottom:0px !important;}<\/style><div class=\"stk-row stk-inner-blocks stk-block-content stk-content-align stk-3ec6c07-column\">\n<div class=\"wp-block-stackable-column stk-block-column stk-column stk-block stk-018981d stk-block-background stk--has-background-overlay\" data-v=\"4\" data-block-id=\"018981d\"><style>.stk-018981d-container{margin-top:0px !important;margin-right:0px !important;margin-bottom:0px !important;margin-left:0px !important;}.stk-018981d {background-image:url(https:\/\/travelcolomb.com\/wp-content\/uploads\/2026\/01\/4.avif) !important;}@media screen and (min-width:690px){.stk-018981d {flex:var(--stk-flex-grow, 1) 1 calc(40% - var(--stk-column-gap, 0px) * 1 \/ 2 ) !important;}}<\/style><div class=\"stk-column-wrapper stk-block-column__content stk-container stk-018981d-container stk--no-background stk--no-padding\"><div class=\"stk-block-content stk-inner-blocks stk-018981d-inner-blocks\">\n<div class=\"wp-block-stackable-spacer stk-block-spacer stk--no-padding stk-block stk-8c3b8b2\" data-block-id=\"8c3b8b2\"><style>@media screen and (max-width:689px){.stk-8c3b8b2 {height:500px !important;}}<\/style><\/div>\n<\/div><\/div><\/div>\n\n\n\n<div class=\"wp-block-stackable-column stk-block-column stk-column stk-block stk-9bdd6e4 stk-block-background stk--has-background-overlay\" data-v=\"4\" data-block-id=\"9bdd6e4\"><style>.stk-9bdd6e4-container{margin-top:0px !important;margin-right:0px !important;margin-bottom:0px !important;margin-left:0px !important;}.stk-9bdd6e4 {background-color:#2e4e2a !important;background-image:url(https:\/\/travelcolomb.com\/wp-content\/uploads\/2022\/01\/flowers-pattern-1-white.svg) !important;background-size:750px !important;padding-top:90px !important;padding-right:90px !important;padding-bottom:90px !important;padding-left:90px !important;}.stk-9bdd6e4:before{background-color:#2e4e2a !important;opacity:0.9 !important;}@media screen and (min-width:690px){.stk-9bdd6e4 {flex:var(--stk-flex-grow, 1) 1 calc(60% - var(--stk-column-gap, 0px) * 1 \/ 2 ) !important;}}@media screen and (max-width:999px){.stk-9bdd6e4 {padding-top:50px !important;padding-right:50px !important;padding-bottom:50px !important;padding-left:50px !important;}}@media screen and (max-width:689px){.stk-9bdd6e4 {padding-top:50px !important;padding-right:30px !important;padding-bottom:50px !important;padding-left:30px !important;}}<\/style><div class=\"stk-column-wrapper stk-block-column__content stk-container stk-9bdd6e4-container stk--no-background stk--no-padding\"><div class=\"stk-block-content stk-inner-blocks stk-9bdd6e4-inner-blocks\">\n<div class=\"wp-block-stackable-heading stk-block-heading stk-block-heading--v2 stk-block stk-42cd90d\" id=\"nuestra-inspiracion\" data-block-id=\"42cd90d\"><style>.stk-42cd90d {margin-bottom:40px !important;}.stk-42cd90d .stk-block-heading__text{font-size:50px !important;color:var(--theme-palette-color-8, #ffffff) !important;line-height:1.2em !important;}@media screen and (max-width:999px){.stk-42cd90d {margin-bottom:30px !important;}.stk-42cd90d .stk-block-heading__text{font-size:30px !important;}}<\/style><h2 class=\"stk-block-heading__text has-text-color has-palette-color-8-color has-text-align-center-mobile stk-block-heading--use-theme-margins\">Nuestra inspiraci\u00f3n<\/h2><\/div>\n\n\n\n<div class=\"wp-block-stackable-text stk-block-text stk-block stk-c6b2360\" data-block-id=\"c6b2360\"><style>.stk-c6b2360 {margin-bottom:20px !important;}.stk-c6b2360 .stk-block-text__text{color:var(--theme-palette-color-8, #ffffff) !important;}<\/style><p class=\"stk-block-text__text has-text-color has-palette-color-8-color has-text-align-center-mobile\">Somos una agencia de turismo en Medell\u00edn y Antioquia especializada en experiencias privadas VIP y tours grupales, creada para quienes buscan algo m\u00e1s que un simple recorrido: buscamos que cada viaje se convierta en un recuerdo inolvidable.\n\nNos apasiona mostrar lo mejor de nuestra tierra a trav\u00e9s de un servicio humano, c\u00e1lido y de alta calidad, cuidando cada detalle desde el primer contacto hasta el final del tour. Contamos con transporte c\u00f3modo y seguro, gu\u00edas especializados y una atenci\u00f3n personalizada que se adapta a las necesidades de cada viajero.\n\nCreemos que el turismo se vive mejor cuando se hace con confianza, respeto y buena energ\u00eda. Por eso trabajamos cada d\u00eda con compromiso, responsabilidad y amor por lo que hacemos, ofreciendo experiencias aut\u00e9nticas que conectan con la historia, la cultura y la esencia de Medell\u00edn y Antioquia.\n\nViaja con nosotros y disfruta de un servicio exclusivo, cercano y pensado para que solo te preocupes por disfrutar. \ud83c\udf04\u2728<\/p><\/div>\n\n\n\n<div class=\"wp-block-stackable-text stk-block-text stk-block stk-c1c2077\" data-block-id=\"c1c2077\"><style>.stk-c1c2077 {margin-bottom:40px !important;}.stk-c1c2077 .stk-block-text__text{color:var(--theme-palette-color-8, #ffffff) !important;font-weight:700 !important;}<\/style><p class=\"stk-block-text__text has-text-color has-palette-color-8-color has-text-align-center-mobile\">Travelcolombia<\/p><\/div>\n<\/div><\/div><\/div>\n<\/div><\/div>\n\n\n\n<div class=\"wp-block-stackable-spacer stk-block-spacer stk--no-padding stk-block stk-7143f1f\" data-block-id=\"7143f1f\"><style>.stk-7143f1f {height:120px !important;}@media screen and (max-width:999px){.stk-7143f1f {height:70px !important;}}<\/style><\/div>\n\n\n\n<div class=\"wp-block-stackable-columns stk-block-columns stk-block stk-8a21765 stk-block-background stk--has-background-overlay\" data-block-id=\"8a21765\"><style>.stk-8a21765 {background-image:url(https:\/\/travelcolomb.com\/wp-content\/uploads\/2022\/01\/subscribe-form-cover_optimized.webp) !important;padding-top:120px !important;padding-right:90px !important;padding-bottom:120px !important;padding-left:90px !important;margin-bottom:1px !important;}.stk-8a21765:before{background-color:#000000 !important;opacity:0.1 !important;}@media screen and (max-width:999px){.stk-8a21765 {padding-top:70px !important;padding-right:70px !important;padding-bottom:70px !important;padding-left:70px !important;}}@media screen and (max-width:689px){.stk-8a21765 {padding-top:70px !important;padding-right:30px !important;padding-bottom:70px !important;padding-left:30px !important;}}<\/style><div class=\"stk-row stk-inner-blocks stk-block-content stk-content-align stk-8a21765-column\">\n<div class=\"wp-block-stackable-column stk-block-column stk-column stk-block stk-42162ea\" data-v=\"4\" data-block-id=\"42162ea\"><style>.stk-42162ea-container{margin-top:0px !important;margin-right:0px !important;margin-bottom:0px !important;margin-left:0px !important;}.stk-42162ea {max-width:600px !important;min-width:auto !important;margin-right:auto !important;margin-left:auto !important;}<\/style><div class=\"stk-column-wrapper stk-block-column__content stk-container stk-42162ea-container stk--no-background stk--no-padding\"><div class=\"stk-block-content stk-inner-blocks stk-42162ea-inner-blocks\">\n<div class=\"wp-block-stackable-text stk-block-text stk-block stk-dc90ab3\" data-block-id=\"dc90ab3\"><style>.stk-dc90ab3 {margin-bottom:10px !important;}.stk-dc90ab3 .stk-block-text__text{font-size:14px !important;color:var(--theme-palette-color-1, #5a8139) !important;font-weight:700 !important;text-transform:uppercase !important;}@media screen and (max-width:999px){.stk-dc90ab3 .stk-block-text__text{font-size:14px !important;}}<\/style><p class=\"stk-block-text__text has-text-color has-palette-color-1-color has-text-align-center\">our newsletter<\/p><\/div>\n\n\n\n<div class=\"wp-block-stackable-heading stk-block-heading stk-block-heading--v2 stk-block stk-eb8e74f\" id=\"enter-your-email-address-to-be-updated-with-fresh-news\" data-block-id=\"eb8e74f\"><style>.stk-eb8e74f {margin-bottom:15px !important;}.stk-eb8e74f .stk-block-heading__text{font-size:40px !important;color:var(--theme-palette-color-8, #ffffff) !important;}@media screen and (max-width:999px){.stk-eb8e74f .stk-block-heading__text{font-size:30px !important;}}@media screen and (max-width:689px){.stk-eb8e74f .stk-block-heading__text{font-size:25px !important;}}<\/style><h2 class=\"stk-block-heading__text has-text-color has-palette-color-8-color has-text-align-center\">Enter your email address to be updated with fresh news<\/h2><\/div>\n\n\n\n<div class=\"wp-block-stackable-text stk-block-text stk-block stk-93a9955\" data-block-id=\"93a9955\"><style>.stk-93a9955 .stk-block-text__text{font-size:25px !important;color:var(--theme-palette-color-8, #ffffff) !important;}@media screen and (max-width:999px){.stk-93a9955 .stk-block-text__text{font-size:20px !important;}}<\/style><p class=\"stk-block-text__text has-text-color has-palette-color-8-color has-text-align-center\">Receive emails updates and hot offers<\/p><\/div>\n\n\n<div class=\"wpforms-container wpforms-block wpforms-block-ea51f71d-686b-4eab-9c6b-adac480cbe28 inline-fields wpforms-subscribe-form wpforms-render-modern\" id=\"wpforms-112\"><form id=\"wpforms-form-112\" class=\"wpforms-validate wpforms-form\" data-formid=\"112\" method=\"post\" enctype=\"multipart\/form-data\" action=\"\/en\/wp-json\/wp\/v2\/pages\/9\" data-token=\"3ee45d2ff7c747094b75c1fc248230ed\" data-token-time=\"1775285767\" data-trp-original-action=\"\/en\/wp-json\/wp\/v2\/pages\/9\"><noscript class=\"wpforms-error-noscript\">Please enable JavaScript in your browser to complete this form.<\/noscript><div id=\"wpforms-error-noscript\" style=\"display: none;\">Please enable JavaScript in your browser to complete this form.<\/div><div class=\"wpforms-field-container\"><div id=\"wpforms-112-field_1-container\" class=\"wpforms-field wpforms-field-email\" data-field-id=\"1\"><label class=\"wpforms-field-label wpforms-label-hide\" for=\"wpforms-112-field_1\" aria-hidden=\"false\">Email <span class=\"wpforms-required-label\" aria-hidden=\"true\">*<\/span><\/label><input type=\"email\" id=\"wpforms-112-field_1\" class=\"wpforms-field-medium wpforms-field-required\" name=\"wpforms[fields][1]\" placeholder=\"Enter your email\" spellcheck=\"false\" aria-errormessage=\"wpforms-112-field_1-error\" required><\/div><\/div><!-- .wpforms-field-container --><div class=\"wpforms-submit-container\" ><input type=\"hidden\" name=\"wpforms[id]\" value=\"112\"><input type=\"hidden\" name=\"page_title\" value=\"\"><input type=\"hidden\" name=\"page_url\" value=\"https:\/\/travelcolomb.com\/en\/wp-json\/wp\/v2\/pages\/9\"><input type=\"hidden\" name=\"url_referer\" value=\"\"><button type=\"submit\" name=\"wpforms[submit]\" id=\"wpforms-submit-112\" class=\"wpforms-submit\" data-alt-text=\"Sending...\" data-submit-text=\"Subscribe\" aria-live=\"assertive\" value=\"wpforms-submit\">Subscribe<\/button><\/div><input type=\"hidden\" name=\"trp-form-language\" value=\"en\"\/><\/form><\/div>  <!-- .wpforms-container --><\/div><\/div><\/div>\n<\/div><\/div>\n\n\n\n<div class=\"wp-block-stackable-spacer stk-block-spacer stk--no-padding stk-block stk-f3d4868\" data-block-id=\"f3d4868\"><style>.stk-f3d4868 {height:120px !important;}@media screen and (max-width:999px){.stk-f3d4868 {height:70px !important;}}<\/style><\/div>","protected":false},"excerpt":{"rendered":"<p>Nuestra historia Sobre nosotros Nuestra inspiraci\u00f3n Somos una agencia de turismo en Medell\u00edn y Antioquia especializada en experiencias privadas VIP y tours grupales, creada para quienes buscan algo m\u00e1s que un simple recorrido: buscamos que cada viaje se convierta en un recuerdo inolvidable. Nos apasiona mostrar lo mejor de nuestra tierra a trav\u00e9s de un [&hellip;]<\/p>","protected":false},"author":2,"featured_media":0,"parent":0,"menu_order":0,"comment_status":"closed","ping_status":"closed","template":"","meta":{"footnotes":""},"class_list":["post-9","page","type-page","status-publish","hentry"],"blocksy_meta":{"styles_descriptor":{"styles":{"desktop":"","tablet":"","mobile":""},"google_fonts":[],"version":6},"page_title_panel":"","has_hero_section":"disabled","5ffcc86d9cbe558589a7335a4b17fc08":"","hero_section":"type-1","hero_elements":[{"id":"custom_title","enabled":true,"heading_tag":"h1","title":"Home"},{"id":"custom_description","enabled":true,"description_visibility":{"desktop":true,"tablet":true,"mobile":false}},{"id":"custom_meta","enabled":false,"meta_elements":[{"id":"author","enabled":true,"label":"By","has_author_avatar":"yes","avatar_size":25},{"id":"post_date","enabled":true,"label":"On","date_format_source":"default","date_format":"M j, Y"},{"id":"updated_date","enabled":false,"label":"On","date_format_source":"default","date_format":"M j, Y"},{"id":"categories","enabled":false,"label":"In","style":"simple"},{"id":"comments","enabled":true}],"page_meta_elements":{"joined":true,"articles_count":true,"comments":true}},{"id":"breadcrumbs","enabled":false}],"4b64a89e9cf1c71f78c415ca2ad96058":"","hero_alignment1":"CT_CSS_SKIP_RULE","hero_margin":40,"hero_alignment2":"center","hero_vertical_alignment":"center","4b8b065a29ad153a59a20b4a2477b0c0":"","hero_structure":"narrow","882966cb031439e8abcbe654321b63ea":"","page_title_bg_type":"featured_image","custom_hero_background":{"attachment_id":null},"parallax":{"desktop":false,"tablet":false,"mobile":false},"afe0a61bff2bb7331128ee6830f89c0d":"","hero_height":"250px","pageTitleFont":{"family":"Default","variation":"Default","size":"30px","line-height":"CT_CSS_SKIP_RULE","letter-spacing":"CT_CSS_SKIP_RULE","text-transform":"CT_CSS_SKIP_RULE","text-decoration":"CT_CSS_SKIP_RULE"},"pageTitleFontColor":{"default":{"color":"CT_CSS_SKIP_RULEDEFAULT"}},"pageMetaFont":{"family":"Default","variation":"n6","size":"12px","line-height":"1.3","letter-spacing":"CT_CSS_SKIP_RULE","text-transform":"uppercase","text-decoration":"CT_CSS_SKIP_RULE"},"pageMetaFontColor":{"default":{"color":"CT_CSS_SKIP_RULEDEFAULT"},"hover":{"color":"CT_CSS_SKIP_RULEDEFAULT"}},"page_meta_button_type_font_colors":{"default":{"color":"CT_CSS_SKIP_RULEDEFAULT"},"hover":{"color":"CT_CSS_SKIP_RULEDEFAULT"}},"page_meta_button_type_background_colors":{"default":{"color":"CT_CSS_SKIP_RULEDEFAULT"},"hover":{"color":"CT_CSS_SKIP_RULEDEFAULT"}},"pageExcerptFont":{"family":"Default","variation":"Default","size":"CT_CSS_SKIP_RULE","line-height":"CT_CSS_SKIP_RULE","letter-spacing":"CT_CSS_SKIP_RULE","text-transform":"CT_CSS_SKIP_RULE","text-decoration":"CT_CSS_SKIP_RULE"},"pageExcerptColor":{"default":{"color":"CT_CSS_SKIP_RULEDEFAULT"}},"breadcrumbsFont":{"family":"Default","variation":"Default","size":"CT_CSS_SKIP_RULE","line-height":"CT_CSS_SKIP_RULE","letter-spacing":"CT_CSS_SKIP_RULE","text-transform":"CT_CSS_SKIP_RULE","text-decoration":"CT_CSS_SKIP_RULE"},"breadcrumbsFontColor":{"default":{"color":"CT_CSS_SKIP_RULEDEFAULT"},"initial":{"color":"CT_CSS_SKIP_RULEDEFAULT"},"hover":{"color":"CT_CSS_SKIP_RULEDEFAULT"}},"pageTitleOverlay":{"background_type":"color","background_pattern":"type-1","background_image":{"attachment_id":null,"x":0,"y":0},"gradient":"linear-gradient(135deg,rgba(6,147,227,1) 0%,rgb(155,81,224) 100%)","background_repeat":"repeat","background_size":"auto","background_attachment":"scroll","patternColor":{"default":{"color":"#e5e7ea"}},"overlayColor":{"default":{"color":"CT_CSS_SKIP_RULE"}},"backgroundColor":{"default":{"color":"CT_CSS_SKIP_RULE"}}},"pageTitleBackground":{"background_type":"color","background_pattern":"type-1","background_image":{"attachment_id":null,"x":0,"y":0},"gradient":"linear-gradient(135deg,rgba(6,147,227,1) 0%,rgb(155,81,224) 100%)","background_repeat":"repeat","background_size":"auto","background_attachment":"scroll","patternColor":{"default":{"color":"#e5e7ea"}},"overlayColor":{"default":{"color":"CT_CSS_SKIP_RULE"}},"backgroundColor":{"default":{"color":"var(--theme-palette-color-6)"}}},"pageTitlePadding":{"top":"50px","bottom":"50px","left":"auto","right":"auto","linked":true},"0bcb983736ad665a0c7660875b1077a5":"","page_structure_type":"default","f16393a2ff4a1e41e4ce9bc12da7c8dd":"","content_style_source":"inherit","content_style":"wide","vertical_spacing_source":"custom","content_area_spacing":"none","background":{"background_type":"color","background_pattern":"type-1","background_image":{"attachment_id":null,"x":0,"y":0},"gradient":"linear-gradient(135deg,rgba(6,147,227,1) 0%,rgb(155,81,224) 100%)","background_repeat":"repeat","background_size":"auto","background_attachment":"scroll","patternColor":{"default":{"color":"#e5e7ea"}},"overlayColor":{"default":{"color":"CT_CSS_SKIP_RULE"}},"backgroundColor":{"default":{"color":"CT_CSS_SKIP_RULE"}}},"content_background":{"background_type":"color","background_pattern":"type-1","background_image":{"attachment_id":null,"x":0,"y":0},"gradient":"linear-gradient(135deg,rgba(6,147,227,1) 0%,rgb(155,81,224) 100%)","background_repeat":"repeat","background_size":"auto","background_attachment":"scroll","patternColor":{"default":{"color":"#e5e7ea"}},"overlayColor":{"default":{"color":"CT_CSS_SKIP_RULE"}},"backgroundColor":{"default":{"color":"var(--theme-palette-color-8)"}}},"content_boxed_shadow":{"inherit":false,"blur":18,"spread":-6,"v_offset":12,"h_offset":0,"inset":false,"enable":true,"color":{"color":"rgba(34, 56, 101, 0.04)"}},"boxed_content_spacing":{"desktop":{"top":"40px","bottom":"40px","left":"40px","right":"40px","linked":true},"tablet":{"top":"35px","bottom":"35px","left":"35px","right":"35px","linked":true},"mobile":{"top":"20px","bottom":"20px","left":"20px","right":"20px","linked":true}},"content_boxed_radius":{"top":"3px","bottom":"3px","left":"3px","right":"3px","linked":true},"97d23c9ec9eaca5b5ac944667707b21a":"","disable_featured_image":"no","disable_share_box":"no","disable_header":"no","disable_footer":"no"},"_hostinger_reach_plugin_has_subscription_block":false,"_hostinger_reach_plugin_is_elementor":false,"_links":{"self":[{"href":"https:\/\/travelcolomb.com\/en\/wp-json\/wp\/v2\/pages\/9","targetHints":{"allow":["GET"]}}],"collection":[{"href":"https:\/\/travelcolomb.com\/en\/wp-json\/wp\/v2\/pages"}],"about":[{"href":"https:\/\/travelcolomb.com\/en\/wp-json\/wp\/v2\/types\/page"}],"author":[{"embeddable":true,"href":"https:\/\/travelcolomb.com\/en\/wp-json\/wp\/v2\/users\/2"}],"replies":[{"embeddable":true,"href":"https:\/\/travelcolomb.com\/en\/wp-json\/wp\/v2\/comments?post=9"}],"version-history":[{"count":3,"href":"https:\/\/travelcolomb.com\/en\/wp-json\/wp\/v2\/pages\/9\/revisions"}],"predecessor-version":[{"id":603,"href":"https:\/\/travelcolomb.com\/en\/wp-json\/wp\/v2\/pages\/9\/revisions\/603"}],"wp:attachment":[{"href":"https:\/\/travelcolomb.com\/en\/wp-json\/wp\/v2\/media?parent=9"}],"curies":[{"name":"wp","href":"https:\/\/api.w.org\/{rel}","templated":true}]}}